{"id":1800,"date":"2019-01-18T06:11:56","date_gmt":"2019-01-18T06:11:56","guid":{"rendered":"https:\/\/demog2.co\/qui-sommes-nous\/"},"modified":"2026-02-14T09:58:20","modified_gmt":"2026-02-14T09:58:20","slug":"qui-sommes-nous","status":"publish","type":"page","link":"https:\/\/pedroguina.pt\/fr\/qui-sommes-nous\/","title":{"rendered":"Qui sommes-nous ?"},"content":{"rendered":"\t\t<div data-elementor-type=\"wp-post\" data-elementor-id=\"1800\" class=\"elementor elementor-1800 elementor-65\" data-elementor-post-type=\"page\">\n\t\t\t\t\t\t<section class=\"elementor-section elementor-top-section elementor-element elementor-element-7f6d9485 elementor-section-full_width elementor-section-height-default elementor-section-height-default\" data-id=\"7f6d9485\" data-element_type=\"section\" data-e-type=\"section\" data-settings=\"{&quot;background_background&quot;:&quot;classic&quot;}\">\n\t\t\t\t\t\t<div class=\"elementor-container elementor-column-gap-default\">\n\t\t\t\t\t<div class=\"elementor-column elementor-col-100 elementor-top-column elementor-element elementor-element-5c9f9447\" data-id=\"5c9f9447\" data-element_type=\"column\" data-e-type=\"column\" data-settings=\"{&quot;background_background&quot;:&quot;classic&quot;}\">\n\t\t\t<div class=\"elementor-widget-wrap elementor-element-populated\">\n\t\t\t\t\t\t<div class=\"elementor-element elementor-element-18138c0 elementor-widget elementor-widget-heading\" data-id=\"18138c0\" data-element_type=\"widget\" data-e-type=\"widget\" data-widget_type=\"heading.default\">\n\t\t\t\t<div class=\"elementor-widget-container\">\n\t\t\t\t\t<h3 class=\"elementor-heading-title elementor-size-default\">\u00c0 propos de nous<\/h3>\t\t\t\t<\/div>\n\t\t\t\t<\/div>\n\t\t\t\t<div class=\"elementor-element elementor-element-27c03ad elementor-widget elementor-widget-text-editor\" data-id=\"27c03ad\" data-element_type=\"widget\" data-e-type=\"widget\" data-widget_type=\"text-editor.default\">\n\t\t\t\t<div class=\"elementor-widget-container\">\n\t\t\t\t\t\t\t\t\t<p><span class=\"x_hilight\">Depuis 2004, nous sommes une r\u00e9f\u00e9rence dans les municipalit\u00e9s de Cantanhede et de Santa Comba D\u00e3o.<\/span><br><span class=\"x_hilight\"><strong>Rigueur, comp\u00e9tence, responsabilit\u00e9<\/strong> et un sens \u00e9thique et social \u00e9lev\u00e9 sont les valeurs qui guident ce cabinet d&rsquo;avocats.<\/span><\/p><p class=\"x_MsoNormal\" data-ogsc=\"\"><span class=\"x_hilight\">Notre objectif est de <strong>satisfaire les besoins de nos clients avec pragmatisme,<\/strong> en \u00e9troite collaboration avec eux.<\/span><\/p>\t\t\t\t\t\t\t\t<\/div>\n\t\t\t\t<\/div>\n\t\t\t\t\t<\/div>\n\t\t<\/div>\n\t\t\t\t\t<\/div>\n\t\t<\/section>\n\t\t\t\t<section class=\"elementor-section elementor-top-section elementor-element elementor-element-260d7ca3 elementor-section-full_width elementor-section-height-default elementor-section-height-default\" data-id=\"260d7ca3\" data-element_type=\"section\" data-e-type=\"section\" id=\"carreira\" data-settings=\"{&quot;background_background&quot;:&quot;classic&quot;}\">\n\t\t\t\t\t\t<div class=\"elementor-container elementor-column-gap-default\">\n\t\t\t\t\t<div class=\"elementor-column elementor-col-100 elementor-top-column elementor-element elementor-element-657b4351\" data-id=\"657b4351\" data-element_type=\"column\" data-e-type=\"column\" data-settings=\"{&quot;background_background&quot;:&quot;classic&quot;}\">\n\t\t\t<div class=\"elementor-widget-wrap elementor-element-populated\">\n\t\t\t\t\t\t<div class=\"elementor-element elementor-element-bc63919 elementor-widget elementor-widget-heading\" data-id=\"bc63919\" data-element_type=\"widget\" data-e-type=\"widget\" data-widget_type=\"heading.default\">\n\t\t\t\t<div class=\"elementor-widget-container\">\n\t\t\t\t\t<h2 class=\"elementor-heading-title elementor-size-large\">Carri\u00e8re<\/h2>\t\t\t\t<\/div>\n\t\t\t\t<\/div>\n\t\t\t\t<div class=\"elementor-element elementor-element-192f2506 elementor-widget elementor-widget-text-editor\" data-id=\"192f2506\" data-element_type=\"widget\" data-e-type=\"widget\" data-widget_type=\"text-editor.default\">\n\t\t\t\t<div class=\"elementor-widget-container\">\n\t\t\t\t\t\t\t\t\t<p><strong>Dipl\u00f4m\u00e9 en droit (2001)<\/strong><\/p><p>&#8211; Dipl\u00f4me de troisi\u00e8me cycle en planification, urbanisme et droit de l&rsquo;environnement, par la Facult\u00e9 de droit de l&rsquo;Universit\u00e9 de Coimbra (2002)<\/p><p>&#8211; Cours de pr\u00e9paration aux examens du Centre d&rsquo;Etudes Judiciaires (2008)<\/p>\t\t\t\t\t\t\t\t<\/div>\n\t\t\t\t<\/div>\n\t\t\t\t<div class=\"elementor-element elementor-element-554180e2 elementor-align-center elementor-mobile-align-center elementor-widget-mobile__width-inherit elementor-widget elementor-widget-button\" data-id=\"554180e2\" data-element_type=\"widget\" data-e-type=\"widget\" data-widget_type=\"button.default\">\n\t\t\t\t<div class=\"elementor-widget-container\">\n\t\t\t\t\t\t\t\t\t<div class=\"elementor-button-wrapper\">\n\t\t\t\t\t<a class=\"elementor-button elementor-button-link elementor-size-lg\" href=\"\/fr\/localisation-suica-etoy-vaud\/#contacter\">\n\t\t\t\t\t\t<span class=\"elementor-button-content-wrapper\">\n\t\t\t\t\t\t\t\t\t<span class=\"elementor-button-text\">Contacter<\/span>\n\t\t\t\t\t<\/span>\n\t\t\t\t\t<\/a>\n\t\t\t\t<\/div>\n\t\t\t\t\t\t\t\t<\/div>\n\t\t\t\t<\/div>\n\t\t\t\t\t<\/div>\n\t\t<\/div>\n\t\t\t\t\t<\/div>\n\t\t<\/section>\n\t\t\t\t<section class=\"elementor-section elementor-top-section elementor-element elementor-element-5b284ba elementor-section-full_width elementor-section-height-default elementor-section-height-default\" data-id=\"5b284ba\" data-element_type=\"section\" data-e-type=\"section\" data-settings=\"{&quot;background_background&quot;:&quot;classic&quot;}\">\n\t\t\t\t\t\t<div class=\"elementor-container elementor-column-gap-default\">\n\t\t\t\t\t<div class=\"elementor-column elementor-col-100 elementor-top-column elementor-element elementor-element-c372a8e\" data-id=\"c372a8e\" data-element_type=\"column\" data-e-type=\"column\" data-settings=\"{&quot;background_background&quot;:&quot;classic&quot;}\">\n\t\t\t<div class=\"elementor-widget-wrap elementor-element-populated\">\n\t\t\t\t\t\t<div class=\"elementor-element elementor-element-2fcd176 elementor-widget elementor-widget-heading\" data-id=\"2fcd176\" data-element_type=\"widget\" data-e-type=\"widget\" data-widget_type=\"heading.default\">\n\t\t\t\t<div class=\"elementor-widget-container\">\n\t\t\t\t\t<h3 class=\"elementor-heading-title elementor-size-default\">Intervention civique<\/h3>\t\t\t\t<\/div>\n\t\t\t\t<\/div>\n\t\t\t\t<div class=\"elementor-element elementor-element-a220ec9 elementor-widget elementor-widget-text-editor\" data-id=\"a220ec9\" data-element_type=\"widget\" data-e-type=\"widget\" data-widget_type=\"text-editor.default\">\n\t\t\t\t<div class=\"elementor-widget-container\">\n\t\t\t\t\t\t\t\t\t<p>&#8211; Membre d&rsquo;Amnesty International ;<br \/>&#8211; Membre de Quercus-ANCN ;<br \/>&#8211; Membre de ZERO &#8211; Association pour un Syst\u00e8me Terrestre Durable ;<br \/>&#8211; Cycliste f\u00e9d\u00e9r\u00e9 dans la F\u00e9d\u00e9ration Portugaise de Cyclisme ;<br \/>&#8211; Membre de la Soci\u00e9t\u00e9 Portugaise pour l&rsquo;\u00c9tude des Oiseaux ;<br \/>&#8211; Membre de l&rsquo;ABAADV <span style=\"font-size: 90%;\">(Associa\u00e7\u00e3o Beira Aguieira de Apoio ao Deficiente Visual)\u00a0 <\/span>\u00c9cole de chiens guides d&rsquo;aveugles de Mort\u00e1gua<br \/>&#8211; Membre de l&rsquo;Association Morges Fleur du L\u00e9man &#8211; Suisse<br \/>&#8211; Membre de l&rsquo;Association pour la nature et les animaux abandonn\u00e9s de Santa Comba D\u00e3o &#8211; ANA-SCD<\/p>\t\t\t\t\t\t\t\t<\/div>\n\t\t\t\t<\/div>\n\t\t\t\t\t<\/div>\n\t\t<\/div>\n\t\t\t\t\t<\/div>\n\t\t<\/section>\n\t\t\t\t<\/div>\n\t\t","protected":false},"excerpt":{"rendered":"<p>\u00c0 propos de nous Depuis 2004, nous sommes une r\u00e9f\u00e9rence dans les municipalit\u00e9s de Cantanhede et de Santa Comba D\u00e3o.Rigueur, comp\u00e9tence, responsabilit\u00e9 et un sens \u00e9thique et social \u00e9lev\u00e9 sont les valeurs qui guident ce cabinet d&rsquo;avocats. Notre objectif est de satisfaire les besoins de nos clients avec pragmatisme, en \u00e9troite collaboration avec eux. Carri\u00e8re [&hellip;]<\/p>\n","protected":false},"author":1,"featured_media":0,"parent":0,"menu_order":0,"comment_status":"closed","ping_status":"closed","template":"elementor_header_footer","meta":{"_joinchat":[],"footnotes":""},"class_list":["post-1800","page","type-page","status-publish","hentry"],"_links":{"self":[{"href":"https:\/\/pedroguina.pt\/fr\/wp-json\/wp\/v2\/pages\/1800","targetHints":{"allow":["GET"]}}],"collection":[{"href":"https:\/\/pedroguina.pt\/fr\/wp-json\/wp\/v2\/pages"}],"about":[{"href":"https:\/\/pedroguina.pt\/fr\/wp-json\/wp\/v2\/types\/page"}],"author":[{"embeddable":true,"href":"https:\/\/pedroguina.pt\/fr\/wp-json\/wp\/v2\/users\/1"}],"replies":[{"embeddable":true,"href":"https:\/\/pedroguina.pt\/fr\/wp-json\/wp\/v2\/comments?post=1800"}],"version-history":[{"count":38,"href":"https:\/\/pedroguina.pt\/fr\/wp-json\/wp\/v2\/pages\/1800\/revisions"}],"predecessor-version":[{"id":5397,"href":"https:\/\/pedroguina.pt\/fr\/wp-json\/wp\/v2\/pages\/1800\/revisions\/5397"}],"wp:attachment":[{"href":"https:\/\/pedroguina.pt\/fr\/wp-json\/wp\/v2\/media?parent=1800"}],"curies":[{"name":"wp","href":"https:\/\/api.w.org\/{rel}","templated":true}]}}