{"id":1815,"date":"2019-01-18T20:28:57","date_gmt":"2019-01-18T20:28:57","guid":{"rendered":"https:\/\/demog2.co\/domaines-dactivite\/"},"modified":"2026-02-14T09:54:05","modified_gmt":"2026-02-14T09:54:05","slug":"domaines-activite","status":"publish","type":"page","link":"https:\/\/pedroguina.pt\/fr\/domaines-activite\/","title":{"rendered":"Domaines d&rsquo;activit\u00e9"},"content":{"rendered":"\t\t<div data-elementor-type=\"wp-post\" data-elementor-id=\"1815\" class=\"elementor elementor-1815 elementor-128\" data-elementor-post-type=\"page\">\n\t\t\t\t\t\t<section class=\"elementor-section elementor-top-section elementor-element elementor-element-1c46f8f elementor-section-boxed elementor-section-height-default elementor-section-height-default\" data-id=\"1c46f8f\" data-element_type=\"section\" data-e-type=\"section\" data-settings=\"{&quot;background_background&quot;:&quot;classic&quot;}\">\n\t\t\t\t\t\t<div class=\"elementor-container elementor-column-gap-default\">\n\t\t\t\t\t<div class=\"elementor-column elementor-col-100 elementor-top-column elementor-element elementor-element-0dab487\" data-id=\"0dab487\" data-element_type=\"column\" data-e-type=\"column\">\n\t\t\t<div class=\"elementor-widget-wrap elementor-element-populated\">\n\t\t\t\t\t\t<div class=\"elementor-element elementor-element-f3fdade elementor-widget elementor-widget-heading\" data-id=\"f3fdade\" data-element_type=\"widget\" data-e-type=\"widget\" data-widget_type=\"heading.default\">\n\t\t\t\t<div class=\"elementor-widget-container\">\n\t\t\t\t\t<h2 class=\"elementor-heading-title elementor-size-default\">Domaines d'expertise<\/h2>\t\t\t\t<\/div>\n\t\t\t\t<\/div>\n\t\t\t\t<div class=\"elementor-element elementor-element-bf09d1c elementor-widget elementor-widget-toggle\" data-id=\"bf09d1c\" data-element_type=\"widget\" data-e-type=\"widget\" data-widget_type=\"toggle.default\">\n\t\t\t\t<div class=\"elementor-widget-container\">\n\t\t\t\t\t\t\t<div class=\"elementor-toggle\">\n\t\t\t\t\t\t\t<div class=\"elementor-toggle-item\">\n\t\t\t\t\t<div id=\"elementor-tab-title-2001\" class=\"elementor-tab-title\" data-tab=\"1\" role=\"button\" aria-controls=\"elementor-tab-content-2001\" aria-expanded=\"false\">\n\t\t\t\t\t\t\t\t\t\t\t\t<span class=\"elementor-toggle-icon elementor-toggle-icon-right\" aria-hidden=\"true\">\n\t\t\t\t\t\t\t\t\t\t\t\t\t\t\t<span class=\"elementor-toggle-icon-closed\"><i class=\"fas fa-caret-right\"><\/i><\/span>\n\t\t\t\t\t\t\t\t<span class=\"elementor-toggle-icon-opened\"><i class=\"elementor-toggle-icon-opened fas fa-caret-up\"><\/i><\/span>\n\t\t\t\t\t\t\t\t\t\t\t\t\t<\/span>\n\t\t\t\t\t\t\t\t\t\t\t\t<a class=\"elementor-toggle-title\" tabindex=\"0\">Location urbaine<\/a>\n\t\t\t\t\t<\/div>\n\n\t\t\t\t\t<div id=\"elementor-tab-content-2001\" class=\"elementor-tab-content elementor-clearfix\" data-tab=\"1\" role=\"region\" aria-labelledby=\"elementor-tab-title-2001\"><p>&#8211; \u00c9tablissement des contrats de location ;<\/p><p>&#8211; R\u00e9siliation et annulation des contrats de location ;<\/p><p>&#8211; Proc\u00e9dure de lib\u00e9ration d&rsquo;un immeuble et proc\u00e9dure d&rsquo;expulsion ;<\/p><p>&#8211; Perception des loyers en retard avec les JUGES DE PAIX<\/p><\/div>\n\t\t\t\t<\/div>\n\t\t\t\t\t\t\t<div class=\"elementor-toggle-item\">\n\t\t\t\t\t<div id=\"elementor-tab-title-2002\" class=\"elementor-tab-title\" data-tab=\"2\" role=\"button\" aria-controls=\"elementor-tab-content-2002\" aria-expanded=\"false\">\n\t\t\t\t\t\t\t\t\t\t\t\t<span class=\"elementor-toggle-icon elementor-toggle-icon-right\" aria-hidden=\"true\">\n\t\t\t\t\t\t\t\t\t\t\t\t\t\t\t<span class=\"elementor-toggle-icon-closed\"><i class=\"fas fa-caret-right\"><\/i><\/span>\n\t\t\t\t\t\t\t\t<span class=\"elementor-toggle-icon-opened\"><i class=\"elementor-toggle-icon-opened fas fa-caret-up\"><\/i><\/span>\n\t\t\t\t\t\t\t\t\t\t\t\t\t<\/span>\n\t\t\t\t\t\t\t\t\t\t\t\t<a class=\"elementor-toggle-title\" tabindex=\"0\">Droit de la famille<\/a>\n\t\t\t\t\t<\/div>\n\n\t\t\t\t\t<div id=\"elementor-tab-content-2002\" class=\"elementor-tab-content elementor-clearfix\" data-tab=\"2\" role=\"region\" aria-labelledby=\"elementor-tab-title-2002\"><p>&#8211; Actions en divorce sans le consentement de l&rsquo;autre conjoint ;<\/p><p>&#8211; Divorce par consentement mutuel ;<\/p><p>&#8211; Inventaires post\u00e9rieurs au divorce pour le partage des biens du couple dissous ; <br \/>&#8211; Inscription des biens communs du couple ;<\/p><p>&#8211; Accords et processus de r\u00e9gulation des responsabilit\u00e9s parentales et de leur non-respect ;<\/p><p>&#8211; Actions pour le paiement des pensions alimentaires du Fonds de soutien aux enfants ;<\/p><p>&#8211; Examen des jugements \u00e9trangers dans le domaine du droit de la famille ;<\/p><\/div>\n\t\t\t\t<\/div>\n\t\t\t\t\t\t\t<div class=\"elementor-toggle-item\">\n\t\t\t\t\t<div id=\"elementor-tab-title-2003\" class=\"elementor-tab-title\" data-tab=\"3\" role=\"button\" aria-controls=\"elementor-tab-content-2003\" aria-expanded=\"false\">\n\t\t\t\t\t\t\t\t\t\t\t\t<span class=\"elementor-toggle-icon elementor-toggle-icon-right\" aria-hidden=\"true\">\n\t\t\t\t\t\t\t\t\t\t\t\t\t\t\t<span class=\"elementor-toggle-icon-closed\"><i class=\"fas fa-caret-right\"><\/i><\/span>\n\t\t\t\t\t\t\t\t<span class=\"elementor-toggle-icon-opened\"><i class=\"elementor-toggle-icon-opened fas fa-caret-up\"><\/i><\/span>\n\t\t\t\t\t\t\t\t\t\t\t\t\t<\/span>\n\t\t\t\t\t\t\t\t\t\t\t\t<a class=\"elementor-toggle-title\" tabindex=\"0\">Droit des successions<\/a>\n\t\t\t\t\t<\/div>\n\n\t\t\t\t\t<div id=\"elementor-tab-content-2003\" class=\"elementor-tab-content elementor-clearfix\" data-tab=\"3\" role=\"region\" aria-labelledby=\"elementor-tab-title-2003\"><p>&#8211; Testaments, r\u00e8glements extrajudiciaires, proc\u00e9dures d&rsquo;homologation, droits des h\u00e9ritiers et d\u00e9clarations de d\u00e9c\u00e8s pour l&rsquo;administration fiscale ;<\/p><\/div>\n\t\t\t\t<\/div>\n\t\t\t\t\t\t\t<div class=\"elementor-toggle-item\">\n\t\t\t\t\t<div id=\"elementor-tab-title-2004\" class=\"elementor-tab-title\" data-tab=\"4\" role=\"button\" aria-controls=\"elementor-tab-content-2004\" aria-expanded=\"false\">\n\t\t\t\t\t\t\t\t\t\t\t\t<span class=\"elementor-toggle-icon elementor-toggle-icon-right\" aria-hidden=\"true\">\n\t\t\t\t\t\t\t\t\t\t\t\t\t\t\t<span class=\"elementor-toggle-icon-closed\"><i class=\"fas fa-caret-right\"><\/i><\/span>\n\t\t\t\t\t\t\t\t<span class=\"elementor-toggle-icon-opened\"><i class=\"elementor-toggle-icon-opened fas fa-caret-up\"><\/i><\/span>\n\t\t\t\t\t\t\t\t\t\t\t\t\t<\/span>\n\t\t\t\t\t\t\t\t\t\t\t\t<a class=\"elementor-toggle-title\" tabindex=\"0\">Droit du travail<\/a>\n\t\t\t\t\t<\/div>\n\n\t\t\t\t\t<div id=\"elementor-tab-content-2004\" class=\"elementor-tab-content elementor-clearfix\" data-tab=\"4\" role=\"region\" aria-labelledby=\"elementor-tab-title-2004\"><p>&#8211; R\u00e9diger les contrats de travail ;<\/p><p>&#8211; Suivi des proc\u00e9dures disciplinaires ;<\/p><p>&#8211; Actions du travail ;<\/p><\/div>\n\t\t\t\t<\/div>\n\t\t\t\t\t\t\t<div class=\"elementor-toggle-item\">\n\t\t\t\t\t<div id=\"elementor-tab-title-2005\" class=\"elementor-tab-title\" data-tab=\"5\" role=\"button\" aria-controls=\"elementor-tab-content-2005\" aria-expanded=\"false\">\n\t\t\t\t\t\t\t\t\t\t\t\t<span class=\"elementor-toggle-icon elementor-toggle-icon-right\" aria-hidden=\"true\">\n\t\t\t\t\t\t\t\t\t\t\t\t\t\t\t<span class=\"elementor-toggle-icon-closed\"><i class=\"fas fa-caret-right\"><\/i><\/span>\n\t\t\t\t\t\t\t\t<span class=\"elementor-toggle-icon-opened\"><i class=\"elementor-toggle-icon-opened fas fa-caret-up\"><\/i><\/span>\n\t\t\t\t\t\t\t\t\t\t\t\t\t<\/span>\n\t\t\t\t\t\t\t\t\t\t\t\t<a class=\"elementor-toggle-title\" tabindex=\"0\">Droit de l'urbanisme et de l'environnement<\/a>\n\t\t\t\t\t<\/div>\n\n\t\t\t\t\t<div id=\"elementor-tab-content-2005\" class=\"elementor-tab-content elementor-clearfix\" data-tab=\"5\" role=\"region\" aria-labelledby=\"elementor-tab-title-2005\"><p>&#8211; Suivi des processus d&rsquo;autorisation pour les op\u00e9rations urbaines et de lotissement ;<\/p><p>&#8211; D\u00e9fense en mati\u00e8re d&rsquo;infractions administratives li\u00e9es \u00e0 l&rsquo;urbanisme et \u00e0 l&rsquo;environnement ;<\/p><\/div>\n\t\t\t\t<\/div>\n\t\t\t\t\t\t\t<div class=\"elementor-toggle-item\">\n\t\t\t\t\t<div id=\"elementor-tab-title-2006\" class=\"elementor-tab-title\" data-tab=\"6\" role=\"button\" aria-controls=\"elementor-tab-content-2006\" aria-expanded=\"false\">\n\t\t\t\t\t\t\t\t\t\t\t\t<span class=\"elementor-toggle-icon elementor-toggle-icon-right\" aria-hidden=\"true\">\n\t\t\t\t\t\t\t\t\t\t\t\t\t\t\t<span class=\"elementor-toggle-icon-closed\"><i class=\"fas fa-caret-right\"><\/i><\/span>\n\t\t\t\t\t\t\t\t<span class=\"elementor-toggle-icon-opened\"><i class=\"elementor-toggle-icon-opened fas fa-caret-up\"><\/i><\/span>\n\t\t\t\t\t\t\t\t\t\t\t\t\t<\/span>\n\t\t\t\t\t\t\t\t\t\t\t\t<a class=\"elementor-toggle-title\" tabindex=\"0\">Droit routier<\/a>\n\t\t\t\t\t<\/div>\n\n\t\t\t\t\t<div id=\"elementor-tab-content-2006\" class=\"elementor-tab-content elementor-clearfix\" data-tab=\"6\" role=\"region\" aria-labelledby=\"elementor-tab-title-2006\"><p>&#8211; D\u00e9fense en mati\u00e8re d&rsquo;infractions routi\u00e8res, avec ou sans peine compl\u00e9mentaire de d\u00e9ch\u00e9ance du droit de conduire ;<\/p><p>&#8211; Contestation judiciaire des infractions routi\u00e8res ;<\/p><\/div>\n\t\t\t\t<\/div>\n\t\t\t\t\t\t\t<div class=\"elementor-toggle-item\">\n\t\t\t\t\t<div id=\"elementor-tab-title-2007\" class=\"elementor-tab-title\" data-tab=\"7\" role=\"button\" aria-controls=\"elementor-tab-content-2007\" aria-expanded=\"false\">\n\t\t\t\t\t\t\t\t\t\t\t\t<span class=\"elementor-toggle-icon elementor-toggle-icon-right\" aria-hidden=\"true\">\n\t\t\t\t\t\t\t\t\t\t\t\t\t\t\t<span class=\"elementor-toggle-icon-closed\"><i class=\"fas fa-caret-right\"><\/i><\/span>\n\t\t\t\t\t\t\t\t<span class=\"elementor-toggle-icon-opened\"><i class=\"elementor-toggle-icon-opened fas fa-caret-up\"><\/i><\/span>\n\t\t\t\t\t\t\t\t\t\t\t\t\t<\/span>\n\t\t\t\t\t\t\t\t\t\t\t\t<a class=\"elementor-toggle-title\" tabindex=\"0\">Droit p\u00e9nal<\/a>\n\t\t\t\t\t<\/div>\n\n\t\t\t\t\t<div id=\"elementor-tab-content-2007\" class=\"elementor-tab-content elementor-clearfix\" data-tab=\"7\" role=\"region\" aria-labelledby=\"elementor-tab-title-2007\"><p>&#8211; Les proc\u00e9dures judiciaires en droit p\u00e9nal, avec un suivi depuis le stade de l&rsquo;enqu\u00eate, en passant par l&rsquo;instruction \u00e9ventuelle, le proc\u00e8s et l&rsquo;appel \u00e9ventuel ;<\/p><\/div>\n\t\t\t\t<\/div>\n\t\t\t\t\t\t\t<div class=\"elementor-toggle-item\">\n\t\t\t\t\t<div id=\"elementor-tab-title-2008\" class=\"elementor-tab-title\" data-tab=\"8\" role=\"button\" aria-controls=\"elementor-tab-content-2008\" aria-expanded=\"false\">\n\t\t\t\t\t\t\t\t\t\t\t\t<span class=\"elementor-toggle-icon elementor-toggle-icon-right\" aria-hidden=\"true\">\n\t\t\t\t\t\t\t\t\t\t\t\t\t\t\t<span class=\"elementor-toggle-icon-closed\"><i class=\"fas fa-caret-right\"><\/i><\/span>\n\t\t\t\t\t\t\t\t<span class=\"elementor-toggle-icon-opened\"><i class=\"elementor-toggle-icon-opened fas fa-caret-up\"><\/i><\/span>\n\t\t\t\t\t\t\t\t\t\t\t\t\t<\/span>\n\t\t\t\t\t\t\t\t\t\t\t\t<a class=\"elementor-toggle-title\" tabindex=\"0\">Droits de propri\u00e9t\u00e9<\/a>\n\t\t\t\t\t<\/div>\n\n\t\t\t\t\t<div id=\"elementor-tab-content-2008\" class=\"elementor-tab-content elementor-clearfix\" data-tab=\"8\" role=\"region\" aria-labelledby=\"elementor-tab-title-2008\"><p>&#8211; Actions visant \u00e0 faire respecter votre droit de propri\u00e9t\u00e9, d&rsquo;usufruit, d&rsquo;usage et d&rsquo;habitation ;<\/p><p>&#8211; Actions relatives aux servitudes, aux servitudes de vue, aux servitudes de style, aux accessions, aux am\u00e9liorations, aux d\u00e9limitations, aux litiges entre voisins ;<\/p><p>&#8211; Proc\u00e9dures de pr\u00e9caution inh\u00e9rentes aux droits r\u00e9els (proc\u00e9dure de pr\u00e9caution commune, restitution provisoire de la possession et embargo sur les nouvelles constructions) ;<\/p><\/div>\n\t\t\t\t<\/div>\n\t\t\t\t\t\t\t<div class=\"elementor-toggle-item\">\n\t\t\t\t\t<div id=\"elementor-tab-title-2009\" class=\"elementor-tab-title\" data-tab=\"9\" role=\"button\" aria-controls=\"elementor-tab-content-2009\" aria-expanded=\"false\">\n\t\t\t\t\t\t\t\t\t\t\t\t<span class=\"elementor-toggle-icon elementor-toggle-icon-right\" aria-hidden=\"true\">\n\t\t\t\t\t\t\t\t\t\t\t\t\t\t\t<span class=\"elementor-toggle-icon-closed\"><i class=\"fas fa-caret-right\"><\/i><\/span>\n\t\t\t\t\t\t\t\t<span class=\"elementor-toggle-icon-opened\"><i class=\"elementor-toggle-icon-opened fas fa-caret-up\"><\/i><\/span>\n\t\t\t\t\t\t\t\t\t\t\t\t\t<\/span>\n\t\t\t\t\t\t\t\t\t\t\t\t<a class=\"elementor-toggle-title\" tabindex=\"0\">Immobilier<\/a>\n\t\t\t\t\t<\/div>\n\n\t\t\t\t\t<div id=\"elementor-tab-content-2009\" class=\"elementor-tab-content elementor-clearfix\" data-tab=\"9\" role=\"region\" aria-labelledby=\"elementor-tab-title-2009\"><p>&#8211; Testaments, distribution extrajudiciaire, processus d&rsquo;inventaire, droits de succession des h\u00e9ritiers et notification du d\u00e9c\u00e8s \u00e0 l&rsquo;administration fiscale ;<\/p><\/div>\n\t\t\t\t<\/div>\n\t\t\t\t\t\t\t<div class=\"elementor-toggle-item\">\n\t\t\t\t\t<div id=\"elementor-tab-title-20010\" class=\"elementor-tab-title\" data-tab=\"10\" role=\"button\" aria-controls=\"elementor-tab-content-20010\" aria-expanded=\"false\">\n\t\t\t\t\t\t\t\t\t\t\t\t<span class=\"elementor-toggle-icon elementor-toggle-icon-right\" aria-hidden=\"true\">\n\t\t\t\t\t\t\t\t\t\t\t\t\t\t\t<span class=\"elementor-toggle-icon-closed\"><i class=\"fas fa-caret-right\"><\/i><\/span>\n\t\t\t\t\t\t\t\t<span class=\"elementor-toggle-icon-opened\"><i class=\"elementor-toggle-icon-opened fas fa-caret-up\"><\/i><\/span>\n\t\t\t\t\t\t\t\t\t\t\t\t\t<\/span>\n\t\t\t\t\t\t\t\t\t\t\t\t<a class=\"elementor-toggle-title\" tabindex=\"0\">Tribunaux de la paix<\/a>\n\t\t\t\t\t<\/div>\n\n\t\t\t\t\t<div id=\"elementor-tab-content-20010\" class=\"elementor-tab-content elementor-clearfix\" data-tab=\"10\" role=\"region\" aria-labelledby=\"elementor-tab-title-20010\"><p>&#8211; Actions de recouvrement pour les dettes jusqu&rsquo;\u00e0 15 000,00 \u20ac ;<\/p><p>&#8211; Actions pour la livraison de biens meubles ;<\/p><p>&#8211; Actions d\u00e9coulant des droits et devoirs des copropri\u00e9taires ;<\/p><p>&#8211; Actions visant \u00e0 r\u00e9gler les diff\u00e9rends entre propri\u00e9taires concernant le passage forc\u00e9 ou momentan\u00e9, l&rsquo;\u00e9coulement naturel des eaux ; ouvrages hydrauliques d\u00e9fensifs ; haies ; ouverture de fen\u00eatres, portes, balcons et ouvrages similaires ; stylicide ; plantation d&rsquo;arbustes et d&rsquo;arbres ; murs et parois de s\u00e9paration ;<\/p><p>&#8211; Perception des loyers dans le cadre des contrats de location ;<\/p><p>&#8211; Actions en mati\u00e8re de responsabilit\u00e9 civile contractuelle et extracontractuelle ;<\/p><p>&#8211; Actions concernant l&rsquo;usucaption et le partage des biens communs<\/p><\/div>\n\t\t\t\t<\/div>\n\t\t\t\t\t\t\t<div class=\"elementor-toggle-item\">\n\t\t\t\t\t<div id=\"elementor-tab-title-20011\" class=\"elementor-tab-title\" data-tab=\"11\" role=\"button\" aria-controls=\"elementor-tab-content-20011\" aria-expanded=\"false\">\n\t\t\t\t\t\t\t\t\t\t\t\t<span class=\"elementor-toggle-icon elementor-toggle-icon-right\" aria-hidden=\"true\">\n\t\t\t\t\t\t\t\t\t\t\t\t\t\t\t<span class=\"elementor-toggle-icon-closed\"><i class=\"fas fa-caret-right\"><\/i><\/span>\n\t\t\t\t\t\t\t\t<span class=\"elementor-toggle-icon-opened\"><i class=\"elementor-toggle-icon-opened fas fa-caret-up\"><\/i><\/span>\n\t\t\t\t\t\t\t\t\t\t\t\t\t<\/span>\n\t\t\t\t\t\t\t\t\t\t\t\t<a class=\"elementor-toggle-title\" tabindex=\"0\">R\u00e9cup\u00e9ration de cr\u00e9dit<\/a>\n\t\t\t\t\t<\/div>\n\n\t\t\t\t\t<div id=\"elementor-tab-content-20011\" class=\"elementor-tab-content elementor-clearfix\" data-tab=\"11\" role=\"region\" aria-labelledby=\"elementor-tab-title-20011\"><p><strong><br \/>&#8211; Service pr\u00e9contentieux par le biais de proc\u00e9dures extrajudiciaires :<\/strong><\/p><p>&#8211; Avis de paiement envoy\u00e9s aux d\u00e9biteurs ;<\/p><p>&#8211; Pr\u00e9paration d&rsquo;accords pour le paiement en plusieurs fois, avec ou sans garantie, avec suivi du processus de paiement correspondant ;<\/p><p>&#8211; Prendre toutes les mesures n\u00e9cessaires pour r\u00e9cup\u00e9rer la TVA sur les dettes consid\u00e9r\u00e9es comme \u00ab\u00a0irr\u00e9cup\u00e9rables\u00a0\u00bb ;<\/p><p><strong>&#8211; Services de contentieux (recouvrement de cr\u00e9ances)<\/strong><\/p><p>&#8211; L&rsquo;utilisation pr\u00e9f\u00e9rentielle des JUGES DE PAIX comme moyen rapide et efficace d&rsquo;obtenir une condamnation et le recouvrement de la dette correspondante ;<\/p><p>&#8211; Injonctions ;<\/p><p>&#8211; Proc\u00e9dures sp\u00e9cifiques de saisie de pr\u00e9caution<\/p><p>&#8211; Ex\u00e9cution bas\u00e9e sur des instruments judiciaires (jugements), quasi-judiciaires (injonctions) et extrajudiciaires (ch\u00e8ques, factures, reconnaissances de dettes) ex\u00e9cutoires.<\/p><p>&#8211; Recherche des biens immobiliers et des v\u00e9hicules \u00e0 moteur appartenant aux d\u00e9biteurs et susceptibles de satisfaire le cr\u00e9dit ;<\/p><p>&#8211; Proc\u00e9dures d&rsquo;insolvabilit\u00e9 (d&rsquo;une personne morale ou physique) et cr\u00e9ances ;<\/p><\/div>\n\t\t\t\t<\/div>\n\t\t\t\t\t\t\t\t<\/div>\n\t\t\t\t\t\t<\/div>\n\t\t\t\t<\/div>\n\t\t\t\t\t<\/div>\n\t\t<\/div>\n\t\t\t\t\t<\/div>\n\t\t<\/section>\n\t\t\t\t<\/div>\n\t\t","protected":false},"excerpt":{"rendered":"<p>Domaines d&rsquo;expertise Location urbaine &#8211; \u00c9tablissement des contrats de location ; &#8211; R\u00e9siliation et annulation des contrats de location ; &#8211; Proc\u00e9dure de lib\u00e9ration d&#8217;un immeuble et proc\u00e9dure d&#8217;expulsion ; &#8211; Perception des loyers en retard avec les JUGES DE PAIX Droit de la famille &#8211; Actions en divorce sans le consentement de l&#8217;autre conjoint [&hellip;]<\/p>\n","protected":false},"author":1,"featured_media":0,"parent":0,"menu_order":0,"comment_status":"closed","ping_status":"closed","template":"elementor_header_footer","meta":{"_joinchat":[],"footnotes":""},"class_list":["post-1815","page","type-page","status-publish","hentry"],"_links":{"self":[{"href":"https:\/\/pedroguina.pt\/fr\/wp-json\/wp\/v2\/pages\/1815","targetHints":{"allow":["GET"]}}],"collection":[{"href":"https:\/\/pedroguina.pt\/fr\/wp-json\/wp\/v2\/pages"}],"about":[{"href":"https:\/\/pedroguina.pt\/fr\/wp-json\/wp\/v2\/types\/page"}],"author":[{"embeddable":true,"href":"https:\/\/pedroguina.pt\/fr\/wp-json\/wp\/v2\/users\/1"}],"replies":[{"embeddable":true,"href":"https:\/\/pedroguina.pt\/fr\/wp-json\/wp\/v2\/comments?post=1815"}],"version-history":[{"count":18,"href":"https:\/\/pedroguina.pt\/fr\/wp-json\/wp\/v2\/pages\/1815\/revisions"}],"predecessor-version":[{"id":5388,"href":"https:\/\/pedroguina.pt\/fr\/wp-json\/wp\/v2\/pages\/1815\/revisions\/5388"}],"wp:attachment":[{"href":"https:\/\/pedroguina.pt\/fr\/wp-json\/wp\/v2\/media?parent=1815"}],"curies":[{"name":"wp","href":"https:\/\/api.w.org\/{rel}","templated":true}]}}