{"id":3447,"date":"2022-12-05T14:11:37","date_gmt":"2022-12-05T14:11:37","guid":{"rendered":"https:\/\/pedroguina.pt\/politique-de-confidentialite\/"},"modified":"2022-12-12T22:03:03","modified_gmt":"2022-12-12T22:03:03","slug":"politique-de-confidentialite","status":"publish","type":"page","link":"https:\/\/pedroguina.pt\/fr\/politique-de-confidentialite\/","title":{"rendered":"Politique de confidentialit\u00e9"},"content":{"rendered":"\t\t<div data-elementor-type=\"wp-page\" data-elementor-id=\"3447\" class=\"elementor elementor-3447 elementor-3242\" data-elementor-post-type=\"page\">\n\t\t\t\t\t\t<section class=\"elementor-section elementor-top-section elementor-element elementor-element-c7d9 elementor-section-boxed elementor-section-height-default elementor-section-height-default\" data-id=\"c7d9\" data-element_type=\"section\" data-e-type=\"section\">\n\t\t\t\t\t\t<div class=\"elementor-container elementor-column-gap-default\">\n\t\t\t\t\t<div class=\"elementor-column elementor-col-100 elementor-top-column elementor-element elementor-element-26b9009c\" data-id=\"26b9009c\" data-element_type=\"column\" data-e-type=\"column\">\n\t\t\t<div class=\"elementor-widget-wrap elementor-element-populated\">\n\t\t\t\t\t\t<div class=\"elementor-element elementor-element-1ce2a801 elementor-widget elementor-widget-heading\" data-id=\"1ce2a801\" data-element_type=\"widget\" data-e-type=\"widget\" data-widget_type=\"heading.default\">\n\t\t\t\t<div class=\"elementor-widget-container\">\n\t\t\t\t\t<h2 class=\"elementor-heading-title elementor-size-default\">Politique de confidentialit\u00e9<\/h2>\t\t\t\t<\/div>\n\t\t\t\t<\/div>\n\t\t\t\t\t<\/div>\n\t\t<\/div>\n\t\t\t\t\t<\/div>\n\t\t<\/section>\n\t\t\t\t<section class=\"elementor-section elementor-top-section elementor-element elementor-element-48e0feab elementor-section-boxed elementor-section-height-default elementor-section-height-default\" data-id=\"48e0feab\" data-element_type=\"section\" data-e-type=\"section\">\n\t\t\t\t\t\t<div class=\"elementor-container elementor-column-gap-default\">\n\t\t\t\t\t<div class=\"elementor-column elementor-col-100 elementor-top-column elementor-element elementor-element-672795af\" data-id=\"672795af\" data-element_type=\"column\" data-e-type=\"column\">\n\t\t\t<div class=\"elementor-widget-wrap elementor-element-populated\">\n\t\t\t\t\t\t<div class=\"elementor-element elementor-element-78145d2c elementor-widget elementor-widget-text-editor\" data-id=\"78145d2c\" data-element_type=\"widget\" data-e-type=\"widget\" data-widget_type=\"text-editor.default\">\n\t\t\t\t<div class=\"elementor-widget-container\">\n\t\t\t\t\t\t\t\t\t<p>Date de la derni\u00e8re mise \u00e0 jour : 07 d\u00e9cembre 2022<\/p>\n\t\t\t\t\t\t\t\t<\/div>\n\t\t\t\t<\/div>\n\t\t\t\t<div class=\"elementor-element elementor-element-13bbf743 elementor-widget elementor-widget-text-editor\" data-id=\"13bbf743\" data-element_type=\"widget\" data-e-type=\"widget\" data-widget_type=\"text-editor.default\">\n\t\t\t\t<div class=\"elementor-widget-container\">\n\t\t\t\t\t\t\t\t\t<p>La pr\u00e9sente politique de confidentialit\u00e9 s&rsquo;applique au pr\u00e9sent site web https:\/\/pedroguina.pt (ci-apr\u00e8s \u00ab\u00a0le site\u00a0\u00bb ou \u00ab\u00a0le site web\u00a0\u00bb) .<br>Cette politique de confidentialit\u00e9 montre comment Pedro Guina Advogados utilise les donn\u00e9es personnelles qui peuvent \u00eatre collect\u00e9es sur ce site web lorsqu&rsquo;un utilisateur\/visiteur le visite et le parcourt.  <\/p>\t\t\t\t\t\t\t\t<\/div>\n\t\t\t\t<\/div>\n\t\t\t\t<div class=\"elementor-element elementor-element-3860331 elementor-widget elementor-widget-text-editor\" data-id=\"3860331\" data-element_type=\"widget\" data-e-type=\"widget\" data-widget_type=\"text-editor.default\">\n\t\t\t\t<div class=\"elementor-widget-container\">\n\t\t\t\t\t\t\t\t\t<p>Chez Pedro Guina Advogados, nous consid\u00e9rons que la confidentialit\u00e9 des donn\u00e9es de nos visiteurs est de la plus haute importance. Cette politique de confidentialit\u00e9 explique comment nous utilisons les informations que nous recueillons aupr\u00e8s des visiteurs du site web, mais aussi comment les visiteurs peuvent nous donner des instructions quant \u00e0 leur utilisation, notamment en limitant l&rsquo;utilisation de ces informations, en les modifiant ou en les supprimant.<\/p>\n\t\t\t\t\t\t\t\t<\/div>\n\t\t\t\t<\/div>\n\t\t\t\t<div class=\"elementor-element elementor-element-2ccbc767 elementor-widget elementor-widget-text-editor\" data-id=\"2ccbc767\" data-element_type=\"widget\" data-e-type=\"widget\" data-widget_type=\"text-editor.default\">\n\t\t\t\t<div class=\"elementor-widget-container\">\n\t\t\t\t\t\t\t\t\t<p>En utilisant ce site web, vous acceptez cette politique de confidentialit\u00e9 et le fait qu&rsquo;elle puisse \u00eatre modifi\u00e9e \u00e0 tout moment.<\/p>\n\t\t\t\t\t\t\t\t<\/div>\n\t\t\t\t<\/div>\n\t\t\t\t<div class=\"elementor-element elementor-element-1d233007 elementor-widget elementor-widget-heading\" data-id=\"1d233007\" data-element_type=\"widget\" data-e-type=\"widget\" data-widget_type=\"heading.default\">\n\t\t\t\t<div class=\"elementor-widget-container\">\n\t\t\t\t\t<h2 class=\"elementor-heading-title elementor-size-default\">Responsable du traitement des donn\u00e9es<\/h2>\t\t\t\t<\/div>\n\t\t\t\t<\/div>\n\t\t\t\t<div class=\"elementor-element elementor-element-57004bed elementor-widget elementor-widget-text-editor\" data-id=\"57004bed\" data-element_type=\"widget\" data-e-type=\"widget\" data-widget_type=\"text-editor.default\">\n\t\t\t\t<div class=\"elementor-widget-container\">\n\t\t\t\t\t\t\t\t\t<p>Pedro Guina Advogados est l&rsquo;entit\u00e9 responsable du traitement des donn\u00e9es, dont l&rsquo;adresse est Avenida da Rep\u00fablica, n\u00ba 30-32, 3440-322 Santa Comba D\u00e3o.<br \/>Contact :<br \/>  232 108 007<br \/> geral@pedroguina.pt<\/p>\n\t\t\t\t\t\t\t\t<\/div>\n\t\t\t\t<\/div>\n\t\t\t\t<div class=\"elementor-element elementor-element-26a961b3 elementor-widget elementor-widget-heading\" data-id=\"26a961b3\" data-element_type=\"widget\" data-e-type=\"widget\" data-widget_type=\"heading.default\">\n\t\t\t\t<div class=\"elementor-widget-container\">\n\t\t\t\t\t<h2 class=\"elementor-heading-title elementor-size-default\">Quelles sont les donn\u00e9es collect\u00e9es ?<\/h2>\t\t\t\t<\/div>\n\t\t\t\t<\/div>\n\t\t\t\t<div class=\"elementor-element elementor-element-67b6d1aa elementor-widget elementor-widget-text-editor\" data-id=\"67b6d1aa\" data-element_type=\"widget\" data-e-type=\"widget\" data-widget_type=\"text-editor.default\">\n\t\t\t\t<div class=\"elementor-widget-container\">\n\t\t\t\t\t\t\t\t\t<p>Sur ce site web, nous recueillons les donn\u00e9es suivantes : nom, adresse \u00e9lectronique et num\u00e9ro de t\u00e9l\u00e9phone\/mobile lorsque vous remplissez le formulaire de contact.  <br \/>En utilisant le chatbot (popup de chat), nous pouvons collecter votre num\u00e9ro de t\u00e9l\u00e9phone portable\/de t\u00e9l\u00e9phone.<\/p>\n<p>Votre IP peut \u00e9galement \u00eatre collect\u00e9e en raison de l&rsquo;utilisation des services google recaptcha qui rendent les formulaires de ce site plus s\u00fbrs et du service google maps qui montre nos emplacements de mani\u00e8re plus intuitive. Vous pouvez en savoir plus \u00e0 ce sujet sur <a href=\"https:\/\/pedroguina.pt\/fr\/politique-cookies\/\"><br \/>\n  <span style=\"color: #000080;\">Politique en mati\u00e8re de cookies<\/span><br \/>\n<\/a>.<\/p>\n\t\t\t\t\t\t\t\t<\/div>\n\t\t\t\t<\/div>\n\t\t\t\t<div class=\"elementor-element elementor-element-4e554c38 elementor-widget elementor-widget-heading\" data-id=\"4e554c38\" data-element_type=\"widget\" data-e-type=\"widget\" data-widget_type=\"heading.default\">\n\t\t\t\t<div class=\"elementor-widget-container\">\n\t\t\t\t\t<h2 class=\"elementor-heading-title elementor-size-default\">Comment recueillons-nous vos donn\u00e9es ?<\/h2>\t\t\t\t<\/div>\n\t\t\t\t<\/div>\n\t\t\t\t<div class=\"elementor-element elementor-element-5ae6ee36 elementor-widget elementor-widget-text-editor\" data-id=\"5ae6ee36\" data-element_type=\"widget\" data-e-type=\"widget\" data-widget_type=\"text-editor.default\">\n\t\t\t\t<div class=\"elementor-widget-container\">\n\t\t\t\t\t\t\t\t\t<p>Les donn\u00e9es peuvent \u00eatre collect\u00e9es via le site web lorsque vous remplissez le formulaire ou utilisez le chatbot.<br \/>L&rsquo;adresse IP peut \u00e9ventuellement \u00eatre collect\u00e9e lorsque vous naviguez sur le site par le service google recaptcha ou google maps.<br \/>Tout savoir sur les cookies et la possibilit\u00e9 d&rsquo;obtenir votre adresse IP sur cette page <a href=\"https:\/\/pedroguina.pt\/fr\/politique-cookies\/\"><br \/>\n  <span style=\"color: #333399;\">Politique en mati\u00e8re de cookies<\/span><br \/>\n<\/a>.<\/p>\n\t\t\t\t\t\t\t\t<\/div>\n\t\t\t\t<\/div>\n\t\t\t\t<div class=\"elementor-element elementor-element-44b2c15 elementor-widget elementor-widget-heading\" data-id=\"44b2c15\" data-element_type=\"widget\" data-e-type=\"widget\" data-widget_type=\"heading.default\">\n\t\t\t\t<div class=\"elementor-widget-container\">\n\t\t\t\t\t<h2 class=\"elementor-heading-title elementor-size-default\">Utilisation de vos donn\u00e9es<\/h2>\t\t\t\t<\/div>\n\t\t\t\t<\/div>\n\t\t\t\t<div class=\"elementor-element elementor-element-4a70f10d elementor-widget elementor-widget-text-editor\" data-id=\"4a70f10d\" data-element_type=\"widget\" data-e-type=\"widget\" data-widget_type=\"text-editor.default\">\n\t\t\t\t<div class=\"elementor-widget-container\">\n\t\t\t\t\t\t\t\t\t<p>Le nom, l&rsquo;adresse \u00e9lectronique et le num\u00e9ro de t\u00e9l\u00e9phone\/t\u00e9l\u00e9phone portable ne sont utilis\u00e9s que pour :<\/p>\n<p>&#8211; R\u00e9pondre \u00e0 vos questions ou interrogations.<\/p>\n<p>&#8211; ou pour effectuer un travail avec vous.<\/p>\n<p>&#8211; ou les deux.<\/p>\n<p>Apprenez tout sur les cookies et l&rsquo;utilisation possible de votre adresse IP sur la page <span style=\"color: #333399;\"><a style=\"color: #333399;\" href=\"https:\/\/gabrielreis.pt\/politica-cookies\">Politique en mati\u00e8re de cookies<\/a><\/span>.<\/p>\n\t\t\t\t\t\t\t\t<\/div>\n\t\t\t\t<\/div>\n\t\t\t\t<div class=\"elementor-element elementor-element-e8d30f6 elementor-widget elementor-widget-heading\" data-id=\"e8d30f6\" data-element_type=\"widget\" data-e-type=\"widget\" data-widget_type=\"heading.default\">\n\t\t\t\t<div class=\"elementor-widget-container\">\n\t\t\t\t\t<h2 class=\"elementor-heading-title elementor-size-default\">Confidentialit\u00e9 de vos donn\u00e9es<\/h2>\t\t\t\t<\/div>\n\t\t\t\t<\/div>\n\t\t\t\t<div class=\"elementor-element elementor-element-1b0e02ef elementor-widget elementor-widget-text-editor\" data-id=\"1b0e02ef\" data-element_type=\"widget\" data-e-type=\"widget\" data-widget_type=\"text-editor.default\">\n\t\t\t\t<div class=\"elementor-widget-container\">\n\t\t\t\t\t\t\t\t\t<p>Pedro Guina Advogados est la seule entit\u00e9 ayant acc\u00e8s \u00e0 vos donn\u00e9es personnelles Nom, e-mail et num\u00e9ro de t\u00e9l\u00e9phone\/t\u00e9l\u00e9phone portable.<br \/>Ces informations personnelles ne seront pas vendues, \u00e9chang\u00e9es, transf\u00e9r\u00e9es ou donn\u00e9es \u00e0 une autre soci\u00e9t\u00e9 pour quelque raison que ce soit sans votre consentement.<\/p>\n\t\t\t\t\t\t\t\t<\/div>\n\t\t\t\t<\/div>\n\t\t\t\t<div class=\"elementor-element elementor-element-cd5cb70 elementor-widget elementor-widget-heading\" data-id=\"cd5cb70\" data-element_type=\"widget\" data-e-type=\"widget\" data-widget_type=\"heading.default\">\n\t\t\t\t<div class=\"elementor-widget-container\">\n\t\t\t\t\t<h2 class=\"elementor-heading-title elementor-size-default\">Liens vers des sites web externes<\/h2>\t\t\t\t<\/div>\n\t\t\t\t<\/div>\n\t\t\t\t<div class=\"elementor-element elementor-element-962bfc1 elementor-widget elementor-widget-text-editor\" data-id=\"962bfc1\" data-element_type=\"widget\" data-e-type=\"widget\" data-widget_type=\"text-editor.default\">\n\t\t\t\t<div class=\"elementor-widget-container\">\n\t\t\t\t\t\t\t\t\t<p>Cette politique de confidentialit\u00e9 s&rsquo;applique uniquement au pr\u00e9sent site web https:\/\/pedroguina.pt.<br \/>Ce site web contient des liens vers des sites web externes. En cliquant sur les liens vers ces sites externes et en y acc\u00e9dant, Pedro Guina Advogados n&rsquo;est pas responsable du comportement de ces sites externes ni de leur politique de confidentialit\u00e9.<\/p>\n\t\t\t\t\t\t\t\t<\/div>\n\t\t\t\t<\/div>\n\t\t\t\t<div class=\"elementor-element elementor-element-16b4a021 elementor-widget elementor-widget-heading\" data-id=\"16b4a021\" data-element_type=\"widget\" data-e-type=\"widget\" data-widget_type=\"heading.default\">\n\t\t\t\t<div class=\"elementor-widget-container\">\n\t\t\t\t\t<h2 class=\"elementor-heading-title elementor-size-default\">Vos droits en mati\u00e8re de donn\u00e9es personnelles<\/h2>\t\t\t\t<\/div>\n\t\t\t\t<\/div>\n\t\t\t\t<div class=\"elementor-element elementor-element-674dd551 elementor-widget elementor-widget-text-editor\" data-id=\"674dd551\" data-element_type=\"widget\" data-e-type=\"widget\" data-widget_type=\"text-editor.default\">\n\t\t\t\t<div class=\"elementor-widget-container\">\n\t\t\t\t\t\t\t\t\t<p>Vous disposez des droits suivants en ce qui concerne vos donn\u00e9es personnelles :<\/p>\n<ul>\n<li>Vous avez le droit de savoir pourquoi vos donn\u00e9es personnelles sont n\u00e9cessaires, ce qu&rsquo;il en adviendra et combien de temps elles seront conserv\u00e9es.<\/li>\n<li>Droit d&rsquo;acc\u00e8s : Vous avez le droit d&rsquo;acc\u00e9der aux donn\u00e9es personnelles vous concernant qui sont connues de nous.<\/li>\n<li>Droit de rectification : vous avez le droit de compl\u00e9ter, corriger ou supprimer vos donn\u00e9es personnelles quand vous le souhaitez.<\/li>\n<li>Si vous nous avez donn\u00e9 votre consentement pour traiter vos donn\u00e9es, vous avez le droit de r\u00e9voquer ce consentement et de faire supprimer vos donn\u00e9es personnelles.<\/li>\n<li>Droit \u00e0 la portabilit\u00e9 : vous pouvez demander que toutes vos donn\u00e9es \u00e0 caract\u00e8re personnel soient pr\u00e9sent\u00e9es de mani\u00e8re organis\u00e9e afin qu&rsquo;elles puissent \u00eatre transmises \u00e0 une autre entit\u00e9.<\/li>\n<li>Droit \u00e0 l&rsquo;effacement des donn\u00e9es : vous pouvez vous opposer au traitement de vos donn\u00e9es. Si vous le demandez, nous les supprimerons, sauf si la loi vous en emp\u00eache.<\/li>\n<\/ul>\n<p>Pour exercer l&rsquo;un de ces droits, veuillez nous contacter. Voir les coordonn\u00e9es au bas de cette page. Si vous avez une plainte \u00e0 formuler sur la mani\u00e8re dont nous utilisons vos donn\u00e9es, nous aimerions que vous nous en fassiez part.<\/p>\n\t\t\t\t\t\t\t\t<\/div>\n\t\t\t\t<\/div>\n\t\t\t\t<div class=\"elementor-element elementor-element-7ce8d739 elementor-widget elementor-widget-heading\" data-id=\"7ce8d739\" data-element_type=\"widget\" data-e-type=\"widget\" data-widget_type=\"heading.default\">\n\t\t\t\t<div class=\"elementor-widget-container\">\n\t\t\t\t\t<h2 class=\"elementor-heading-title elementor-size-default\">Combien de temps conservons-nous les donn\u00e9es collect\u00e9es ?<\/h2>\t\t\t\t<\/div>\n\t\t\t\t<\/div>\n\t\t\t\t<div class=\"elementor-element elementor-element-8ef5921 elementor-widget elementor-widget-text-editor\" data-id=\"8ef5921\" data-element_type=\"widget\" data-e-type=\"widget\" data-widget_type=\"text-editor.default\">\n\t\t\t\t<div class=\"elementor-widget-container\">\n\t\t\t\t\t\t\t\t\t<p>Si vous nous contactez uniquement pour des questions ou des requ\u00eates, nous conservons vos donn\u00e9es personnelles pendant un maximum de 90 jours, apr\u00e8s quoi elles seront supprim\u00e9es.<\/p>\n<p>Si vous nous contactez et commencez un travail de d\u00e9veloppement avec nous, nous conserverons vos donn\u00e9es personnelles pendant la p\u00e9riode de d\u00e9veloppement du travail et pendant une p\u00e9riode d&rsquo;un an \u00e0 compter de la fin du dernier travail d\u00e9velopp\u00e9.  <br \/>Cependant, vous avez le droit de nous demander \u00e0 tout moment de supprimer ces donn\u00e9es personnelles, et nous le ferons, sauf si vous en \u00eates l\u00e9galement emp\u00each\u00e9.<\/p>\n\t\t\t\t\t\t\t\t<\/div>\n\t\t\t\t<\/div>\n\t\t\t\t<div class=\"elementor-element elementor-element-15bf8d63 elementor-widget elementor-widget-heading\" data-id=\"15bf8d63\" data-element_type=\"widget\" data-e-type=\"widget\" data-widget_type=\"heading.default\">\n\t\t\t\t<div class=\"elementor-widget-container\">\n\t\t\t\t\t<h2 class=\"elementor-heading-title elementor-size-default\">Divulgation \u00e0 des tiers<\/h2>\t\t\t\t<\/div>\n\t\t\t\t<\/div>\n\t\t\t\t<div class=\"elementor-element elementor-element-74d0fbff elementor-widget elementor-widget-text-editor\" data-id=\"74d0fbff\" data-element_type=\"widget\" data-e-type=\"widget\" data-widget_type=\"text-editor.default\">\n\t\t\t\t<div class=\"elementor-widget-container\">\n\t\t\t\t\t\t\t\t\t<p>Vos donn\u00e9es personnelles Nom, adresse e-mail, num\u00e9ro de portable\/t\u00e9l\u00e9phone ne seront pas partag\u00e9es avec des tiers.<br \/>L&rsquo;adresse IP peut, avec votre consentement, \u00eatre utilis\u00e9e par Google.<\/p>\n\t\t\t\t\t\t\t\t<\/div>\n\t\t\t\t<\/div>\n\t\t\t\t<div class=\"elementor-element elementor-element-468da5bb elementor-widget elementor-widget-heading\" data-id=\"468da5bb\" data-element_type=\"widget\" data-e-type=\"widget\" data-widget_type=\"heading.default\">\n\t\t\t\t<div class=\"elementor-widget-container\">\n\t\t\t\t\t<h2 class=\"elementor-heading-title elementor-size-default\">S\u00e9curit\u00e9<\/h2>\t\t\t\t<\/div>\n\t\t\t\t<\/div>\n\t\t\t\t<div class=\"elementor-element elementor-element-4b6db9ac elementor-widget elementor-widget-text-editor\" data-id=\"4b6db9ac\" data-element_type=\"widget\" data-e-type=\"widget\" data-widget_type=\"text-editor.default\">\n\t\t\t\t<div class=\"elementor-widget-container\">\n\t\t\t\t\t\t\t\t\t<p>Nous mettons en \u0153uvre des mesures de s\u00e9curit\u00e9 physiques et technologiques pour assurer la s\u00e9curit\u00e9 de vos informations personnelles.<br \/>  Nous utilisons \u00e9galement le cryptage pour prot\u00e9ger les informations sensibles transmises en ligne, car ce site web utilise le certificat SSL (Secure Socket Layer).<\/p>\n\t\t\t\t\t\t\t\t<\/div>\n\t\t\t\t<\/div>\n\t\t\t\t<div class=\"elementor-element elementor-element-3b25c1e1 elementor-widget elementor-widget-text-editor\" data-id=\"3b25c1e1\" data-element_type=\"widget\" data-e-type=\"widget\" data-widget_type=\"text-editor.default\">\n\t\t\t\t<div class=\"elementor-widget-container\">\n\t\t\t\t\t\t\t\t\t<p>Les ordinateurs\/serveurs qui h\u00e9bergent ce site web sont conserv\u00e9s dans un environnement s\u00e9curis\u00e9 par le fournisseur d&rsquo;h\u00e9bergement.<\/p>\n\t\t\t\t\t\t\t\t<\/div>\n\t\t\t\t<\/div>\n\t\t\t\t<div class=\"elementor-element elementor-element-316015e5 elementor-widget elementor-widget-heading\" data-id=\"316015e5\" data-element_type=\"widget\" data-e-type=\"widget\" data-widget_type=\"heading.default\">\n\t\t\t\t<div class=\"elementor-widget-container\">\n\t\t\t\t\t<h2 class=\"elementor-heading-title elementor-size-default\">Demande d'une copie de vos donn\u00e9es ou de leur suppression<\/h2>\t\t\t\t<\/div>\n\t\t\t\t<\/div>\n\t\t\t\t<div class=\"elementor-element elementor-element-15b6a407 elementor-widget elementor-widget-text-editor\" data-id=\"15b6a407\" data-element_type=\"widget\" data-e-type=\"widget\" data-widget_type=\"text-editor.default\">\n\t\t\t\t<div class=\"elementor-widget-container\">\n\t\t\t\t\t\t\t\t\t<p>Vous pouvez nous contacter par courriel \u00e0 l&rsquo;adresse geral@pedroguina.pt ou par t\u00e9l\u00e9phone au 232 108 007 pour demander une copie ou la suppression de vos donn\u00e9es personnelles.<\/p>\n\t\t\t\t\t\t\t\t<\/div>\n\t\t\t\t<\/div>\n\t\t\t\t<div class=\"elementor-element elementor-element-3530402f elementor-widget elementor-widget-heading\" data-id=\"3530402f\" data-element_type=\"widget\" data-e-type=\"widget\" data-widget_type=\"heading.default\">\n\t\t\t\t<div class=\"elementor-widget-container\">\n\t\t\t\t\t<h2 class=\"elementor-heading-title elementor-size-default\">Coordonn\u00e9es de contact<\/h2>\t\t\t\t<\/div>\n\t\t\t\t<\/div>\n\t\t\t\t<div class=\"elementor-element elementor-element-37dbef18 elementor-widget elementor-widget-text-editor\" data-id=\"37dbef18\" data-element_type=\"widget\" data-e-type=\"widget\" data-widget_type=\"text-editor.default\">\n\t\t\t\t<div class=\"elementor-widget-container\">\n\t\t\t\t\t\t\t\t\t<p>Pour toute question, demande et\/ou commentaire concernant notre politique en mati\u00e8re de cookies et la pr\u00e9sente politique de confidentialit\u00e9, veuillez nous contacter en utilisant l&rsquo;une des coordonn\u00e9es suivantes :<\/p>\n<p>Avenida da Rep\u00fablica, n\u00ba 30-32, <span style=\"font-size: 1rem;\">3440-322 Santa Comba D\u00e3o <\/span>Portugal<\/p>\n<p>Website: <span style=\"color: #000080;\"><a style=\"color: #000080;\" href=\"https:\/\/pedroguina.pt\/fr\/\">https:\/\/pedroguina.pt<\/a><\/span><br \/>Courriel : geral@pedroguina.pt<br \/>Num\u00e9ro de t\u00e9l\u00e9phone : 232 108 007<\/p>\n\t\t\t\t\t\t\t\t<\/div>\n\t\t\t\t<\/div>\n\t\t\t\t\t<\/div>\n\t\t<\/div>\n\t\t\t\t\t<\/div>\n\t\t<\/section>\n\t\t\t\t<\/div>\n\t\t","protected":false},"excerpt":{"rendered":"<p>Politique de confidentialit\u00e9 Date de la derni\u00e8re mise \u00e0 jour : 07 d\u00e9cembre 2022 La pr\u00e9sente politique de confidentialit\u00e9 s&rsquo;applique au pr\u00e9sent site web https:\/\/pedroguina.pt (ci-apr\u00e8s \u00ab\u00a0le site\u00a0\u00bb ou \u00ab\u00a0le site web\u00a0\u00bb) .Cette politique de confidentialit\u00e9 montre comment Pedro Guina Advogados utilise les donn\u00e9es personnelles qui peuvent \u00eatre collect\u00e9es sur ce site web lorsqu&rsquo;un utilisateur\/visiteur [&hellip;]<\/p>\n","protected":false},"author":1,"featured_media":0,"parent":0,"menu_order":0,"comment_status":"closed","ping_status":"closed","template":"","meta":{"_joinchat":[],"footnotes":""},"class_list":["post-3447","page","type-page","status-publish","hentry"],"_links":{"self":[{"href":"https:\/\/pedroguina.pt\/fr\/wp-json\/wp\/v2\/pages\/3447","targetHints":{"allow":["GET"]}}],"collection":[{"href":"https:\/\/pedroguina.pt\/fr\/wp-json\/wp\/v2\/pages"}],"about":[{"href":"https:\/\/pedroguina.pt\/fr\/wp-json\/wp\/v2\/types\/page"}],"author":[{"embeddable":true,"href":"https:\/\/pedroguina.pt\/fr\/wp-json\/wp\/v2\/users\/1"}],"replies":[{"embeddable":true,"href":"https:\/\/pedroguina.pt\/fr\/wp-json\/wp\/v2\/comments?post=3447"}],"version-history":[{"count":6,"href":"https:\/\/pedroguina.pt\/fr\/wp-json\/wp\/v2\/pages\/3447\/revisions"}],"predecessor-version":[{"id":3563,"href":"https:\/\/pedroguina.pt\/fr\/wp-json\/wp\/v2\/pages\/3447\/revisions\/3563"}],"wp:attachment":[{"href":"https:\/\/pedroguina.pt\/fr\/wp-json\/wp\/v2\/media?parent=3447"}],"curies":[{"name":"wp","href":"https:\/\/api.w.org\/{rel}","templated":true}]}}